{"id":14,"date":"2012-04-11T15:00:37","date_gmt":"2012-04-11T15:00:37","guid":{"rendered":"http:\/\/www.lanzarote7.com\/?page_id=14"},"modified":"2025-03-16T09:24:27","modified_gmt":"2025-03-16T09:24:27","slug":"about-us","status":"publish","type":"page","link":"https:\/\/www.lanzarote7.com\/de\/about-us\/","title":{"rendered":"Erfahren sie mehr ueber uns"},"content":{"rendered":"<p><a href=\"http:\/\/www.lanzarote7.com\/wp-content\/uploads\/2012\/04\/eva-deible-siegl.jpg\" rel=\"lightbox-0\"><img loading=\"lazy\" class=\"wp-image-15 alignleft\" title=\"Eva Deible Siegl\" src=\"http:\/\/www.lanzarote7.com\/wp-content\/uploads\/2012\/04\/eva-deible-siegl-300x210.jpg\" alt=\"Eva Deible Siegl\" width=\"168\" height=\"117\" srcset=\"https:\/\/www.lanzarote7.com\/wp-content\/uploads\/2012\/04\/eva-deible-siegl-300x210.jpg 300w, https:\/\/www.lanzarote7.com\/wp-content\/uploads\/2012\/04\/eva-deible-siegl.jpg 700w\" sizes=\"(max-width: 168px) 100vw, 168px\" \/><\/a>Herzlich Willkommen auf der Webpage des Immobilienb\u00fcros\u00a0 Lanzarote 7. Wir sind eine internationale und selbstst\u00e4ndige Immobilienfirma die seit\u00a0 1993\u00a0 unter \u00f6sterreichischer Leitung auf Lanzarote t\u00e4tig ist. Unser B\u00fcro finden Sie in Puerto del Carmen in der calle Guardilama\u00a0 7. Das ist die Strasse, die vom Kreisverkehr an der Post &#8211; Einkaufszentrum Biosfera &#8211; zum grossen Strand f\u00fchrt. Vor unserer Tuer steht eine rote englische\u00a0 Telefonzelle\u00a0 . Wir verf\u00fcgen \u00fcber eine\u00a0 \u00a0selektive Auswahl an\u00a0 schoenen ausgefallenen\u00a0 Immobilien\u00a0 wie\u00a0 H\u00e4usern, Fincas und Grundst\u00fccken sowohl in touristischen Zonen wie auch im Inland.Wir freuen uns, Ihnen unsere professionelle Hilfe beim Kauf, wie auch beim Verkauf ihrer Immobilie anbieten zu d\u00fcrfen. Selbstverst\u00e4ndlich unterst\u00fctzen wir Sie bei allen m\u00f6glichen Fragen, die beim Kauf oder Verkauf einer Immobilie im Ausland auftreten k\u00f6nnen . Wir vermitteln Ihnen Notare, Banken , Rechtsanw\u00e4lte einfach Alles und Jeden den Sie f\u00fcr den Kauf oder Verkauf ben\u00f6tigen. Wir sind bekannt daf\u00fcr, dass wir den besten Service beim Immobilienkauf\u00a0 bzw. Verkauf bieten. Wir begleiten unsere Kunden von der Besichtigung der Immobilie \u00fcber die Er\u00f6ffnung des Bankkontos &#8211; Notartermin- Vertragsabschluss- Telefon-Wasser-Strom An- bzw. Ummeldung-Umbauarbeiten- M\u00f6belkauf- Besorgung der NIE Nummer &#8211; Bei uns finden Sie einfach den kompletten Service in Ihrer Sprache.\u00a0 Lanzarote 7\u00a0 \u00a0&#8211;\u00a0 Villas Canarias &#8211; Eva Estates\u00a0 , calle\u00a0 Guardilama 7 in 35510 Puerto del Carmen, Lanzarote , Telefon (0034) 629 635352<\/p>\n<p>&nbsp;<\/p>\n<!-- AddThis Advanced Settings generic via filter on the_content --><!-- AddThis Share Buttons generic via filter on the_content -->","protected":false},"excerpt":{"rendered":"<p>Herzlich Willkommen auf der Webpage des Immobilienb\u00fcros\u00a0 Lanzarote 7. Wir sind eine internationale und selbstst\u00e4ndige Immobilienfirma die seit\u00a0 1993\u00a0 unter \u00f6sterreichischer Leitung auf Lanzarote t\u00e4tig ist. Unser B\u00fcro finden Sie in Puerto del Carmen in der calle Guardilama\u00a0 7. Das ist die Strasse, die vom Kreisverkehr an der Post &#8211; Einkaufszentrum Biosfera &#8211; zum grossen [&hellip;]<!-- AddThis Advanced Settings generic via filter on get_the_excerpt --><!-- AddThis Share Buttons generic via filter on get_the_excerpt --><\/p>\n","protected":false},"author":3,"featured_media":0,"parent":0,"menu_order":0,"comment_status":"open","ping_status":"open","template":"","meta":{"_genesis_hide_title":false,"_genesis_hide_breadcrumbs":false,"_genesis_hide_singular_image":false,"_genesis_hide_footer_widgets":false,"_genesis_custom_body_class":"","_genesis_custom_post_class":"","_genesis_layout":""},"_links":{"self":[{"href":"https:\/\/www.lanzarote7.com\/de\/wp-json\/wp\/v2\/pages\/14"}],"collection":[{"href":"https:\/\/www.lanzarote7.com\/de\/wp-json\/wp\/v2\/pages"}],"about":[{"href":"https:\/\/www.lanzarote7.com\/de\/wp-json\/wp\/v2\/types\/page"}],"author":[{"embeddable":true,"href":"https:\/\/www.lanzarote7.com\/de\/wp-json\/wp\/v2\/users\/3"}],"replies":[{"embeddable":true,"href":"https:\/\/www.lanzarote7.com\/de\/wp-json\/wp\/v2\/comments?post=14"}],"version-history":[{"count":2,"href":"https:\/\/www.lanzarote7.com\/de\/wp-json\/wp\/v2\/pages\/14\/revisions"}],"predecessor-version":[{"id":5133,"href":"https:\/\/www.lanzarote7.com\/de\/wp-json\/wp\/v2\/pages\/14\/revisions\/5133"}],"wp:attachment":[{"href":"https:\/\/www.lanzarote7.com\/de\/wp-json\/wp\/v2\/media?parent=14"}],"curies":[{"name":"wp","href":"https:\/\/api.w.org\/{rel}","templated":true}]}}