{"id":3047,"date":"2018-05-24T11:12:07","date_gmt":"2018-05-24T11:12:07","guid":{"rendered":"http:\/\/www.lanzarote7.com\/?page_id=3047"},"modified":"2021-07-28T10:04:46","modified_gmt":"2021-07-28T10:04:46","slug":"privacy-information","status":"publish","type":"page","link":"https:\/\/www.lanzarote7.com\/de\/privacy-information\/","title":{"rendered":"Datenschutzerkl\u00e4rung"},"content":{"rendered":"<p>Unsere Webseiten nehmen die Themen Datenschutz und Privatsph\u00e4re sehr ernst.<\/p>\n<p>1. Wir verwenden einen Cookie, um zu verhindern, dass Sie mehrfach Willkommensmeldungen sehen. Dieser Cookie beinhaltet keine pers\u00f6nlichen Informationen.<\/p>\n<p>2. Wenn Sie sich f\u00fcr eine unserer Newsletter anmelden, werden Ihre Informationen (Vorname und E-Mail-Adresse) beim Dienstleister MailChimp. Dies ist notwendig, um den Newsletter verschicken zu k\u00f6nnen. Einige Anmeldeformulare speichern diese Information ebenfalls in einem Cookie. Die \u00dcbertragung Ihrer Daten erfolgt verschl\u00fcsselt. MailChimp ist ein zertifiziertes Mitglied im \u201cPrivacy Shield\u201d Programm, das die Verarbeitung von Daten aus der Europ\u00e4ischen Union durch US-basierte Dienstleister regelt. Die Datenschutzerkl\u00e4rung von MailChimp finden Sie hier: <a href=\"https:\/\/mailchimp.com\/legal\/privacy\/\">(Englisch)<\/a><\/p>\n<p>3. Unsere Newsletter beinhalten immer einen Link am Ende, durch den Sie sich wieder vom Newsletter abmelden k\u00f6nnen.<\/p>\n<p>4. Unsere Server befinden sich innerhalb der Europ\u00e4ischen Union bei einem deutschen Anbieter. Bei Angriffen auf unseren Webseiten, z.B. bei mehrfacher Eingabe eines falschen Kennwortes, wird die aktuelle IP-Adresse gespeichert, um den Angriff abzuwehren.<\/p>\n<p>5. Zu keiner Zeit erlauben wir Zugriff auf pers\u00f6nliche Daten durch Dritte, auch verkaufen wir solche Daten in keinerlei Form.<\/p>\n<p>6. Wir verwenden das Wettermodul von OpenWeather.com.<\/p>\n<p>7. Wenn Sie uns eine Anfrage \u00fcber unser Kontaktformular schicken werden die eingegebenen Daten zusammen mit Ihrer IP-Adresse an uns \u00fcbermittelt. \u00a0\u00a0Mit der Abgabe Ihrer Daten stimmen Sie zu, dass wir zur Bearbeitung Ihrer Anliegen mit Ihnen telefonisch oder per E-Mail Kontakt aufnehmen d\u00fcrfen.<\/p>\n<p>8. Diese Seite nutzt den Kartendienst Google Maps. Anbieter ist die Google Inc., 1600 Amphitheatre Parkway Mountain View, CA 94043, USA. Zur Nutzung der Funktionen von Google Maps ist es notwendig, Ihre IP Adresse zu speichern. Diese Informationen werden in der Regel an einen Server von Google in den USA \u00fcbertragen und dort gespeichert. Der Anbieter dieser Seite hat keinen Einfluss auf diese Daten\u00fcbertragung.<\/p>\n<p>Mehr Informationen zum Umgang mit Nutzerdaten finden Sie in der Datenschutzerkl\u00e4rung von Google:<a href=\"https:\/\/www.google.de\/intl\/de\/policies\/privacy\/\"> https:\/\/www.google.de\/intl\/de\/policies\/privacy\/<\/a><\/p>\n<p>9. Auf \u00a0unserer \u00a0Website werden \u00a0sogenannte Social \u00a0Plugins (\u201ePlugins\u201c) \u00a0des Bookmarking-Dienstes AddThis \u00a0verwendet, der von der AddThis LLC, \u00a0Inc. 8000 Westpark Drive, Suite 625, McLean, \u00a0VA 2210, USA (\u201eAddThis\u201c) betrieben wird. Die \u00a0\u00a0Plugins sind meist mit einem AddThis-Logo beispielsweise in Form eines wei\u00dfen Pluszeichens auf orangefarbenen Grund gekennzeichnet. Eine \u00dcbersicht \u00fcber die AddThis Plugins und deren Aussehen finden Sie hier: <a href=\"https:\/\/www.addthis.com\/get\/sharing\" class=\"broken_link\">https:\/\/www.addthis.com\/get\/sharing<\/a><\/p>\n<p>Wenn Sie eine Seite unseres Webauftritts aufrufen,die ein solches Plugin enth\u00e4lt, stellt Ihr Browser eine direkte Verbindung \u00a0zu den Servern von AddThis her. Der Inhalt des Plugins wird von AddThis direkt an Ihren Browser \u00fcbermittelt und in die \u00a0Seite eingebunden. Durch die Einbindung erh\u00e4lt AddThis die Information, dass Ihr Browser die entsprechende Seite unseres Webauftritts aufgerufen hat und speichert zur Identifikation Ihres Browsers ein Cookie auf Ihrem Endger\u00e4t. Diese Information (einschlie\u00dflich Ihrer IP-Adresse) wird \u00a0von Ihrem Browser direkt an einen Server von AddThis in die USA \u00fcbermittelt und dort gespeichert. AddThis verwendet die Daten zur Erstellung anonymisierter Nutzerprofile, die als Grundlage f\u00fcr eine personalisierte und interessenbezogene Werbeanspracheder Besucher von Internetseiten mit AddThis-Plugins dient. \u00a0Zweck und Umfang der Datenerhebung und die weitere Verarbeitung und Nutzung der Daten durch AddThis entnehmen Sie bitte den Datenschutzhinweisen von AddThis:<\/p>\n<p><a href=\"http:\/\/www.addthis.com\/privacy\/privacy-policy\" class=\"broken_link\">http:\/\/www.addthis.com\/privacy\/privacy-policy<\/a><\/p>\n<p>Wenn \u00a0Sie der \u00a0Datenerhebung \u00a0durch AddThis f\u00fcr \u00a0die Zukunft widersprechen \u00a0m\u00f6chten, k\u00f6nnen Sie ein sogenanntes \u00a0Opt-Out-Cookie setzen, das Sie unter \u00a0folgendem Link herunterladen k\u00f6nnen: <a href=\"http:\/\/www.addthis.com\/privacy\/opt-out\" class=\"broken_link\">http:\/\/www.addthis.com\/privacy\/opt-out<\/a><\/p>\n<p>Sie \u00a0k\u00f6nnen \u00a0das Laden \u00a0der AddThis \u00a0Plugins auch mit \u00a0Add-Ons f\u00fcr Ihren Browser \u00a0komplett verhindern, z. B. mit dem Skript-Blocker \u201eNoScript\u201c (<a href=\"http:\/\/noscript.net\/\">http:\/\/noscript.net\/<\/a>).<\/p>\n<p>10. Sie haben das Recht auf Auskunft \u00fcber die von Ihnen gespeicherten personenbezogenen Daten sowie ein Recht auf Berichtigung, Sperrung oder L\u00f6schung dieser Daten, sofern sie nicht zur Erf\u00fcllung von einer rechtlichen Verpflichtung weiter aufgehoben werden m\u00fcssen.<\/p>\n<p>Owsald Font Copyright 2016 The Oswald Project Authors (https:\/\/github.com\/googlefonts\/OswaldFont). Licensed under the SIL Open Font License, Version 1.1<\/p>\n<p><span style=\"text-decoration: underline;\">Was sind Cookies?<\/span><\/p>\n<p>Cookies sind kleine Dateien, die in Ihrem Webbrowser viele Aufgaben \u00fcbernehmen. Wenn Sie sich in einer Webseite anmelden oder etwas Online kaufen, zum Beispiel. Obwohl sie meistens keine pers\u00f6nlichen Daten direkt enthalten, k\u00f6nnen sie dazu benutzt werden, zu untersuchen, wie sie sich durch eine Webseite bewegen. Einige Werbepartner k\u00f6nnen sie au\u00dferdem verwenden, um seiten\u00fcbergreifend zu sehen, welche Webseiten Sie benutzt haben.<\/p>\n<p>Beim ersten Besuch auf unserer Webseite, w\u00e4hlen Sie \u201cZustimmen\u201d, um nur die technisch notwendigen Funktionen dieser Webseite unter Verwendung spezieller Cookies zu aktiveren. Durch das Klicken auf dem nachfolgenden Feld, k\u00f6nnen Sie Ihre Zustimmung widerrufen:<\/p>\n<p style=\"text-align: center;\">\r\n            <div class=\"pea_cook_control\" style=\"color:#FFFFFF; background-color: rgba(30,115,190,0.9);\">\r\n                Cookies are disabled<br>Accept Cookies by clicking \"Accept\" in the banner.\r\n            <\/div><\/p>\n<p><\/p>\n<!-- AddThis Advanced Settings generic via filter on the_content --><!-- AddThis Share Buttons generic via filter on the_content -->","protected":false},"excerpt":{"rendered":"<p>Unsere Webseiten nehmen die Themen Datenschutz und Privatsph\u00e4re sehr ernst. 1. Wir verwenden einen Cookie, um zu verhindern, dass Sie mehrfach Willkommensmeldungen sehen. Dieser Cookie beinhaltet keine pers\u00f6nlichen Informationen. 2. Wenn Sie sich f\u00fcr eine unserer Newsletter anmelden, werden Ihre Informationen (Vorname und E-Mail-Adresse) beim Dienstleister MailChimp. Dies ist notwendig, um den Newsletter verschicken zu [&hellip;]<!-- AddThis Advanced Settings generic via filter on get_the_excerpt --><!-- AddThis Share Buttons generic via filter on get_the_excerpt --><\/p>\n","protected":false},"author":3,"featured_media":0,"parent":0,"menu_order":0,"comment_status":"closed","ping_status":"closed","template":"","meta":{"_genesis_hide_title":false,"_genesis_hide_breadcrumbs":false,"_genesis_hide_singular_image":false,"_genesis_hide_footer_widgets":false,"_genesis_custom_body_class":"","_genesis_custom_post_class":"","_genesis_layout":""},"_links":{"self":[{"href":"https:\/\/www.lanzarote7.com\/de\/wp-json\/wp\/v2\/pages\/3047"}],"collection":[{"href":"https:\/\/www.lanzarote7.com\/de\/wp-json\/wp\/v2\/pages"}],"about":[{"href":"https:\/\/www.lanzarote7.com\/de\/wp-json\/wp\/v2\/types\/page"}],"author":[{"embeddable":true,"href":"https:\/\/www.lanzarote7.com\/de\/wp-json\/wp\/v2\/users\/3"}],"replies":[{"embeddable":true,"href":"https:\/\/www.lanzarote7.com\/de\/wp-json\/wp\/v2\/comments?post=3047"}],"version-history":[{"count":1,"href":"https:\/\/www.lanzarote7.com\/de\/wp-json\/wp\/v2\/pages\/3047\/revisions"}],"predecessor-version":[{"id":3949,"href":"https:\/\/www.lanzarote7.com\/de\/wp-json\/wp\/v2\/pages\/3047\/revisions\/3949"}],"wp:attachment":[{"href":"https:\/\/www.lanzarote7.com\/de\/wp-json\/wp\/v2\/media?parent=3047"}],"curies":[{"name":"wp","href":"https:\/\/api.w.org\/{rel}","templated":true}]}}