{"id":3047,"date":"2018-05-24T11:12:07","date_gmt":"2018-05-24T11:12:07","guid":{"rendered":"http:\/\/www.lanzarote7.com\/?page_id=3047"},"modified":"2021-07-28T10:04:46","modified_gmt":"2021-07-28T10:04:46","slug":"privacy-information","status":"publish","type":"page","link":"https:\/\/www.lanzarote7.com\/es\/privacy-information\/","title":{"rendered":"(English) Privacy Information"},"content":{"rendered":"<p class=\"qtranxs-available-languages-message qtranxs-available-languages-message-es\">Disculpa, pero esta entrada est\u00e1 disponible s\u00f3lo en <a href=\"https:\/\/www.lanzarote7.com\/en\/wp-json\/wp\/v2\/pages\/3047\" class=\"qtranxs-available-language-link qtranxs-available-language-link-en\" title=\"English\">Ingl\u00e9s Estadounidense<\/a> y <a href=\"https:\/\/www.lanzarote7.com\/de\/wp-json\/wp\/v2\/pages\/3047\" class=\"qtranxs-available-language-link qtranxs-available-language-link-de\" title=\"Deutsch\">Alem\u00e1n<\/a>.<\/p>","protected":false},"excerpt":{"rendered":"<p>Disculpa, pero esta entrada est\u00e1 disponible s\u00f3lo en Ingl\u00e9s Estadounidense y Alem\u00e1n.<!-- AddThis Advanced Settings generic via filter on get_the_excerpt --><!-- AddThis Share Buttons generic via filter on get_the_excerpt --><\/p>\n","protected":false},"author":3,"featured_media":0,"parent":0,"menu_order":0,"comment_status":"closed","ping_status":"closed","template":"","meta":{"_genesis_hide_title":false,"_genesis_hide_breadcrumbs":false,"_genesis_hide_singular_image":false,"_genesis_hide_footer_widgets":false,"_genesis_custom_body_class":"","_genesis_custom_post_class":"","_genesis_layout":""},"_links":{"self":[{"href":"https:\/\/www.lanzarote7.com\/es\/wp-json\/wp\/v2\/pages\/3047"}],"collection":[{"href":"https:\/\/www.lanzarote7.com\/es\/wp-json\/wp\/v2\/pages"}],"about":[{"href":"https:\/\/www.lanzarote7.com\/es\/wp-json\/wp\/v2\/types\/page"}],"author":[{"embeddable":true,"href":"https:\/\/www.lanzarote7.com\/es\/wp-json\/wp\/v2\/users\/3"}],"replies":[{"embeddable":true,"href":"https:\/\/www.lanzarote7.com\/es\/wp-json\/wp\/v2\/comments?post=3047"}],"version-history":[{"count":1,"href":"https:\/\/www.lanzarote7.com\/es\/wp-json\/wp\/v2\/pages\/3047\/revisions"}],"predecessor-version":[{"id":3949,"href":"https:\/\/www.lanzarote7.com\/es\/wp-json\/wp\/v2\/pages\/3047\/revisions\/3949"}],"wp:attachment":[{"href":"https:\/\/www.lanzarote7.com\/es\/wp-json\/wp\/v2\/media?parent=3047"}],"curies":[{"name":"wp","href":"https:\/\/api.w.org\/{rel}","templated":true}]}}